{"id":1488,"date":"2021-12-30T06:36:52","date_gmt":"2021-12-30T06:36:52","guid":{"rendered":"http:\/\/www.nareslog.com\/?page_id=1488"},"modified":"2022-09-26T07:07:04","modified_gmt":"2022-09-26T07:07:04","slug":"information-society-services","status":"publish","type":"page","link":"https:\/\/www.nareslog.com\/tr\/information-society-services\/","title":{"rendered":"Bilgi Toplumu Hizmetleri"},"content":{"rendered":"<div class=\"vc_row wpb_row vc_row-fluid\"><div class=\"wpb_column vc_column_container vc_col-sm-12\"><div class=\"vc_column-inner\"><div class=\"wpb_wrapper\"><div class=\"vc_tta-container\" data-vc-action=\"collapse\"><div class=\"vc_general vc_tta vc_tta-accordion vc_tta-color-grey vc_tta-style-classic vc_tta-shape-rounded vc_tta-o-shape-group vc_tta-controls-align-left\"><div class=\"vc_tta-panels-container\"><div class=\"vc_tta-panels\"><div class=\"vc_tta-panel vc_active\" id=\"1636817454360-1c3e20a2-e3095dc7-4502\" data-vc-content=\".vc_tta-panel-body\"><div class=\"vc_tta-panel-heading\"><h4 class=\"vc_tta-panel-title vc_tta-controls-icon-position-left\"><a href=\"#1636817454360-1c3e20a2-e3095dc7-4502\" data-vc-accordion data-vc-container=\".vc_tta-container\"><i class=\"vc_tta-icon far fa-building\"><\/i><span class=\"vc_tta-title-text\">\u015e\u0130RKET<\/span><i class=\"vc_tta-controls-icon vc_tta-controls-icon-plus\"><\/i><\/a><\/h4><\/div><div class=\"vc_tta-panel-body\">\n\t<div class=\"wpb_text_column wpb_content_element\" >\n\t\t<div class=\"wpb_wrapper\">\n\t\t\t<table style=\"border-collapse: collapse; width: 100%; height: 310px;\">\n<tbody>\n<tr style=\"height: 24px;\">\n<td style=\"width: 50%; height: 24px;\"><strong>\u015eirket T\u00fcr\u00fc<\/strong><\/td>\n<td style=\"width: 50%; height: 24px;\">T\u00fczel Ki\u015fi Anonim \u015eirketi<\/td>\n<\/tr>\n<tr style=\"height: 24px;\">\n<td style=\"width: 50%; height: 24px;\"><strong>Mersis<\/strong><\/td>\n<td style=\"width: 50%; height: 24px;\">0629130382200001<\/td>\n<\/tr>\n<tr style=\"height: 24px;\">\n<td style=\"width: 50%; height: 24px;\"><strong>Ticaret Sicil<\/strong><\/td>\n<td style=\"width: 50%; height: 24px;\">\u0130ZM\u0130R T\u0130CARET S\u0130C\u0130L M\u00dcD\u00dcRL\u00dc\u011e\u00dc<\/td>\n<\/tr>\n<tr style=\"height: 24px;\">\n<td style=\"width: 50%; height: 22px;\"><strong>Ticaret Sicil Numaras\u0131<\/strong><\/td>\n<td style=\"width: 50%; height: 22px;\">160418<\/td>\n<\/tr>\n<tr style=\"height: 24px;\">\n<td style=\"width: 50%; height: 24px;\"><strong>Ticaret \u00dcnvan\u0131<\/strong><\/td>\n<td style=\"width: 50%; height: 24px;\">NARES ULUSLARARASI TA\u015eIMACILIK T\u0130CARET ANON\u0130M \u015e\u0130RKET\u0130<\/td>\n<\/tr>\n<tr style=\"height: 24px;\">\n<td style=\"width: 50%; height: 24px;\"><strong>Adres<\/strong><\/td>\n<td style=\"width: 50%; height: 24px;\">Alsancak Mah.1456 SOK.Punta Residence No:10\/1\/37 Konak\/\u0130ZM\u0130R<\/td>\n<\/tr>\n<tr style=\"height: 24px;\">\n<td style=\"width: 50%; height: 24px;\"><strong>\u0130leti\u015fim Bilgileri<\/strong><\/td>\n<td style=\"width: 50%; height: 24px;\">0232 404 52 52 &#8211; 0232 404 52 53<\/td>\n<\/tr>\n<tr style=\"height: 24px;\">\n<td style=\"width: 50%; height: 24px;\"><strong>Taahh\u00fct Edilen Sermaye Miktar\u0131<\/strong><\/td>\n<td style=\"width: 50%; height: 24px;\">2,3000,000.00 TL<\/td>\n<\/tr>\n<tr style=\"height: 24px;\">\n<td style=\"width: 50%; height: 24px;\"><strong>\u00d6denen Sermaye Miktar\u0131<\/strong><\/td>\n<td style=\"width: 50%; height: 24px;\">2,3000,000.00 TL<\/td>\n<\/tr>\n<tr style=\"height: 24px;\">\n<td style=\"width: 50%; height: 24px;\"><strong>Tescil Tarihi<\/strong><\/td>\n<td style=\"width: 50%; height: 24px;\">3.05.2012<\/td>\n<\/tr>\n<tr style=\"height: 24px;\">\n<td style=\"width: 50%; height: 24px;\"><strong>Vergi Dairesi<\/strong><\/td>\n<td style=\"width: 50%; height: 24px;\">KORDON TAX OFFICE<\/td>\n<\/tr>\n<tr style=\"height: 24px;\">\n<td style=\"width: 50%; height: 24px;\"><strong>Vergi Numaras\u0131<\/strong><\/td>\n<td style=\"width: 50%; height: 24px;\">6291303822<\/td>\n<\/tr>\n<tr style=\"height: 24px;\">\n<td style=\"width: 50%; height: 24px;\"><strong>Sekt\u00f6r<\/strong><\/td>\n<td style=\"width: 50%; height: 24px;\">ULUSLARARASI DEN\u0130Z YOLU Y\u00dcK NAKL\u0130YAT ACENTELER\u0130N\u0130N FAAL\u0130YETLER\u0130<\/td>\n<\/tr>\n<\/tbody>\n<\/table>\n\n\t\t<\/div>\n\t<\/div>\n<\/div><\/div><div class=\"vc_tta-panel\" id=\"1636817454362-8463e1a2-aa7d5dc7-4502\" data-vc-content=\".vc_tta-panel-body\"><div class=\"vc_tta-panel-heading\"><h4 class=\"vc_tta-panel-title vc_tta-controls-icon-position-left\"><a href=\"#1636817454362-8463e1a2-aa7d5dc7-4502\" data-vc-accordion data-vc-container=\".vc_tta-container\"><i class=\"vc_tta-icon stm-people-in-team-old\"><\/i><span class=\"vc_tta-title-text\">Y\u00f6netim Kurulu<\/span><i class=\"vc_tta-controls-icon vc_tta-controls-icon-plus\"><\/i><\/a><\/h4><\/div><div class=\"vc_tta-panel-body\">\n\t<div class=\"wpb_text_column wpb_content_element\" >\n\t\t<div class=\"wpb_wrapper\">\n\t\t\t<h5>Y\u00f6netim Kurulu Ba\u015fkan\u0131<\/h5>\n<table style=\"border-collapse: collapse; width: 100%;\">\n<tbody>\n<tr>\n<td style=\"width: 50%;\"><strong>G\u00f6rev S\u00fcresi<\/strong><\/td>\n<td style=\"width: 50%;\">3 Y\u0131l<\/td>\n<\/tr>\n<tr>\n<td style=\"width: 50%;\"><strong>Ad\u0131 Soyad\u0131<\/strong><\/td>\n<td style=\"width: 50%;\">Y\u0130\u011e\u0130T BARIS \u015eEM\u0130N<\/td>\n<\/tr>\n<tr>\n<td style=\"width: 50%;\"><strong>\u00d6zge\u00e7mi\u015f<\/strong><\/td>\n<td style=\"width: 50%;\"><\/td>\n<\/tr>\n<\/tbody>\n<\/table>\n<h5>Y\u00f6netim Kurulu Ba\u015fkan Yard\u0131mc\u0131s\u0131<\/h5>\n<table style=\"border-collapse: collapse; width: 100%;\">\n<tbody>\n<tr>\n<td style=\"width: 50%;\"><strong>G\u00f6rev S\u00fcresi<\/strong><\/td>\n<td style=\"width: 50%;\">3 Y\u0131l<\/td>\n<\/tr>\n<tr>\n<td style=\"width: 50%;\"><strong>Ad\u0131 Soyad\u0131<\/strong><\/td>\n<td style=\"width: 50%;\">MEHMET BEKIR ARUMAN<\/td>\n<\/tr>\n<tr>\n<td style=\"width: 50%;\"><strong>\u00d6zge\u00e7mi\u015f<\/strong><\/td>\n<td style=\"width: 50%;\"><\/td>\n<\/tr>\n<\/tbody>\n<\/table>\n<p>&nbsp;<\/p>\n<h5>Denet\u00e7i<\/h5>\n<table style=\"border-collapse: collapse; width: 100%;\">\n<tbody>\n<tr>\n<td style=\"width: 50%;\"><strong>D\u00f6nem<\/strong><\/td>\n<td style=\"width: 50%;\">01.01.2022.-.31.12.2022<\/td>\n<\/tr>\n<tr>\n<td style=\"width: 50%;\"><strong>\u0130sim Soyisim \/ Ticaret \u00dcnvan\u0131<\/strong><\/td>\n<td style=\"width: 50%;\" width=\"646\">FOKUS BA\u011eIMSIZ DENET\u0130M ANON\u0130M \u015e\u0130RKET\u0130<\/td>\n<\/tr>\n<tr>\n<td style=\"width: 50%;\"><strong>Ba\u011f\u0131ms\u0131z Denetim Resmi Sicili<br \/>\n<\/strong><\/td>\n<td style=\"width: 50%;\" width=\"646\">BD\/2018\/281<\/td>\n<\/tr>\n<tr>\n<td style=\"width: 50%;\"><strong>Adres<br \/>\n<\/strong><\/td>\n<td style=\"width: 50%;\">Maltepe mah. Edirne C\u0131rp\u0131c\u0131 Yolu Sok. No:4\/5 Vatan Residence A Block Floor:5 D:10 Topkapi \/ \u0130STANBUL<\/td>\n<\/tr>\n<\/tbody>\n<\/table>\n\n\t\t<\/div>\n\t<\/div>\n<\/div><\/div><div class=\"vc_tta-panel\" id=\"1637864367704-a51a036d-e1bf5dc7-4502\" data-vc-content=\".vc_tta-panel-body\"><div class=\"vc_tta-panel-heading\"><h4 class=\"vc_tta-panel-title vc_tta-controls-icon-position-left\"><a href=\"#1637864367704-a51a036d-e1bf5dc7-4502\" data-vc-accordion data-vc-container=\".vc_tta-container\"><i class=\"vc_tta-icon fas fa-file-alt\"><\/i><span class=\"vc_tta-title-text\">DOSYALARI G\u00d6R\u00dcNT\u00dcLE<\/span><i class=\"vc_tta-controls-icon vc_tta-controls-icon-plus\"><\/i><\/a><\/h4><\/div><div class=\"vc_tta-panel-body\">\n\t<div class=\"wpb_text_column wpb_content_element\" >\n\t\t<div class=\"wpb_wrapper\">\n\t\t\t<p><a href=\"http:\/\/www.nareslog.com\/wp-content\/uploads\/2021\/11\/8f481455-070d-11eb-bc86-48df373f5970.pdf\">Sicil Gazetesi 1<\/a><\/p>\n<p><a href=\"http:\/\/www.nareslog.com\/wp-content\/uploads\/2021\/11\/e034a406-c91d-11eb-af8c-48df373f5970.pdf\">Sicil Gazetesi 2<\/a><\/p>\n\n\t\t<\/div>\n\t<\/div>\n<\/div><\/div><\/div><\/div><\/div><\/div><\/div><\/div><\/div><\/div>","protected":false},"excerpt":{"rendered":"COMPANY Company type Legal Entity Joint Stock Company Mersis 0629130382200001 Trade Registry IZMIR TRADE REGISTRY DIRECTORATE Trade Registry Number 160418 Trade name NARES ULUSLARARASI TA\u015eIMACILIK T\u0130CARET ANON\u0130M \u015e\u0130RKET\u0130 Address Alsancak Mah.1456 SOK.Punta Residence...","protected":false},"author":1,"featured_media":0,"parent":0,"menu_order":0,"comment_status":"closed","ping_status":"closed","template":"","meta":{"footnotes":""},"class_list":["post-1488","page","type-page","status-publish","hentry"],"_links":{"self":[{"href":"https:\/\/www.nareslog.com\/tr\/wp-json\/wp\/v2\/pages\/1488","targetHints":{"allow":["GET"]}}],"collection":[{"href":"https:\/\/www.nareslog.com\/tr\/wp-json\/wp\/v2\/pages"}],"about":[{"href":"https:\/\/www.nareslog.com\/tr\/wp-json\/wp\/v2\/types\/page"}],"author":[{"embeddable":true,"href":"https:\/\/www.nareslog.com\/tr\/wp-json\/wp\/v2\/users\/1"}],"replies":[{"embeddable":true,"href":"https:\/\/www.nareslog.com\/tr\/wp-json\/wp\/v2\/comments?post=1488"}],"version-history":[{"count":3,"href":"https:\/\/www.nareslog.com\/tr\/wp-json\/wp\/v2\/pages\/1488\/revisions"}],"predecessor-version":[{"id":1503,"href":"https:\/\/www.nareslog.com\/tr\/wp-json\/wp\/v2\/pages\/1488\/revisions\/1503"}],"wp:attachment":[{"href":"https:\/\/www.nareslog.com\/tr\/wp-json\/wp\/v2\/media?parent=1488"}],"curies":[{"name":"wp","href":"https:\/\/api.w.org\/{rel}","templated":true}]}}