{"id":1427,"date":"2021-10-24T22:24:02","date_gmt":"2021-10-24T22:24:02","guid":{"rendered":"http:\/\/www.nareslog.com\/?page_id=1427"},"modified":"2021-12-30T06:38:58","modified_gmt":"2021-12-30T06:38:58","slug":"corporate","status":"publish","type":"page","link":"https:\/\/www.nareslog.com\/tr\/corporate\/","title":{"rendered":"Kurumsal"},"content":{"rendered":"<div class=\"vc_row wpb_row vc_row-fluid\"><div class=\"wpb_column vc_column_container vc_col-sm-12\"><div class=\"vc_column-inner\"><div class=\"wpb_wrapper\">\n\t<div class=\"wpb_text_column wpb_content_element\" >\n\t\t<div class=\"wpb_wrapper\">\n\t\t\t<h2>\u201cSizi tam zaman\u0131nda hedefe ula\u015ft\u0131rmay\u0131 vaat eden bir lojistik firmas\u0131 ile \u00e7al\u0131\u015fmak istiyorsan\u0131z\u201d<\/h2>\n<p>2001 y\u0131l\u0131nda \u0130zmir merkezli ticari faaliyetine ba\u015flayan Nares Lojistik, gen\u00e7 ve dinamik y\u00f6netici kadrosu ile lojistik sekt\u00f6r\u00fcne yelken a\u00e7m\u0131\u015ft\u0131r.<\/p>\n<p>M\u00fc\u015fterilerimizin lojistik taleplerine en uygun ve ekonomik \u00e7\u00f6z\u00fcmleri sunarak sekt\u00f6r\u00fcn en g\u00fcvenilir firmalar\u0131ndan biri olmay\u0131 hedefliyoruz.<\/p>\n<p>Hizmetlerimizi T\u00fcrkiye i\u00e7inde ve d\u00fcnyan\u0131n be\u015f k\u0131tas\u0131nda \u00fcretmek i\u00e7in g\u00fcvenilir i\u015f ortaklar\u0131 ile i\u015f birli\u011fi i\u00e7erisinde \u00e7al\u0131\u015f\u0131yoruz.<\/p>\n<p>D\u00fcnya k\u00fcreselle\u015firken geli\u015fmi\u015f ekonomiler d\u00fcnya ticaretindeki paylar\u0131n\u0131 art\u0131rmay\u0131 hedeflerken, geli\u015fmekte olan ekonomiler t\u00fcm g\u00fc\u00e7leriyle ihracatlar\u0131n\u0131 art\u0131rmaya \u00e7al\u0131\u015fmaktad\u0131r.<\/p>\n<p>Bu \u015fartlar alt\u0131nda d\u00fcnya, k\u00fcresel lojistik sekt\u00f6r\u00fcne hizmet veren g\u00fcvenilir ve yetkin kurulu\u015flara kesinlikle ihtiya\u00e7 duymaktad\u0131r. Rekabetin yo\u011fun ve k\u0131yas\u0131ya ya\u015fand\u0131\u011f\u0131 g\u00fcn\u00fcm\u00fczde m\u00fc\u015fterilerimize avantaj sa\u011flamak bizim i\u015fimiz.<\/p>\n<p>Organizasyonel ve geli\u015fmi\u015f takip becerilerimiz ve g\u00fc\u00e7l\u00fc altyap\u0131m\u0131z ile heyecanla m\u00fc\u015fterilerimizin yan\u0131nday\u0131z. Ge\u00e7ti\u011fimiz y\u0131llarda t\u00fcm i\u015f ortaklar\u0131m\u0131z nezdinde sayg\u0131n ve g\u00fcvenilir olmay\u0131 ba\u015fard\u0131k.<\/p>\n\n\t\t<\/div>\n\t<\/div>\n<\/div><\/div><\/div><\/div>","protected":false},"excerpt":{"rendered":"\u201cIf you wish to work with a logistics company that promises to take you to the target right on time\u201d Having launched its \u0130zmir-centered business activity in 2001, Nares Logistics has sailed off...","protected":false},"author":1,"featured_media":0,"parent":0,"menu_order":0,"comment_status":"closed","ping_status":"closed","template":"","meta":{"footnotes":""},"class_list":["post-1427","page","type-page","status-publish","hentry"],"_links":{"self":[{"href":"https:\/\/www.nareslog.com\/tr\/wp-json\/wp\/v2\/pages\/1427","targetHints":{"allow":["GET"]}}],"collection":[{"href":"https:\/\/www.nareslog.com\/tr\/wp-json\/wp\/v2\/pages"}],"about":[{"href":"https:\/\/www.nareslog.com\/tr\/wp-json\/wp\/v2\/types\/page"}],"author":[{"embeddable":true,"href":"https:\/\/www.nareslog.com\/tr\/wp-json\/wp\/v2\/users\/1"}],"replies":[{"embeddable":true,"href":"https:\/\/www.nareslog.com\/tr\/wp-json\/wp\/v2\/comments?post=1427"}],"version-history":[{"count":14,"href":"https:\/\/www.nareslog.com\/tr\/wp-json\/wp\/v2\/pages\/1427\/revisions"}],"predecessor-version":[{"id":1491,"href":"https:\/\/www.nareslog.com\/tr\/wp-json\/wp\/v2\/pages\/1427\/revisions\/1491"}],"wp:attachment":[{"href":"https:\/\/www.nareslog.com\/tr\/wp-json\/wp\/v2\/media?parent=1427"}],"curies":[{"name":"wp","href":"https:\/\/api.w.org\/{rel}","templated":true}]}}