{"id":1389,"date":"2021-10-24T21:59:39","date_gmt":"2021-10-24T21:59:39","guid":{"rendered":"http:\/\/www.nareslog.com\/?page_id=1389"},"modified":"2021-10-24T22:06:24","modified_gmt":"2021-10-24T22:06:24","slug":"container-dimensions","status":"publish","type":"page","link":"https:\/\/www.nareslog.com\/tr\/container-dimensions\/","title":{"rendered":"Konteyner \u00d6l\u00e7\u00fcleri"},"content":{"rendered":"<div class=\"vc_row wpb_row vc_row-fluid\"><div class=\"wpb_column vc_column_container vc_col-sm-12\"><div class=\"vc_column-inner\"><div class=\"wpb_wrapper\">\n\t<div class=\"wpb_text_column wpb_content_element\" >\n\t\t<div class=\"wpb_wrapper\">\n\t\t\t<table class=\"tblcontainer\" width=\"100%\" cellspacing=\"0\" cellpadding=\"0\">\n<tbody>\n<tr>\n<th colspan=\"5\">Kuru Konteyner \u2013 20\u2032<\/th>\n<\/tr>\n<tr>\n<td rowspan=\"6\"><img loading=\"lazy\" decoding=\"async\" class=\"alignnone size-full wp-image-1392\" src=\"http:\/\/www.nareslog.com\/wp-content\/uploads\/2021\/10\/1.png\" alt=\"\" width=\"185\" height=\"114\" \/><\/td>\n<td align=\"left\"><strong>\u0130\u00e7 \u00d6l\u00e7\u00fc<\/strong><\/td>\n<td>L: 5,898mm<\/td>\n<td>W: 2,350mm<\/td>\n<td>H: 2,390mm<\/td>\n<\/tr>\n<tr>\n<td align=\"left\"><strong>Kap\u0131 A\u00e7\u0131kl\u0131\u011f\u0131<\/strong><\/td>\n<td>&#8211;<\/td>\n<td>2,240mm<\/td>\n<td>2,280mm<\/td>\n<\/tr>\n<tr>\n<td align=\"left\"><strong>Tavan A\u00e7\u0131kl\u0131\u011f\u0131<\/strong><\/td>\n<td>&#8211;<\/td>\n<td>&#8211;<\/td>\n<td>&#8211;<\/td>\n<\/tr>\n<tr>\n<td align=\"left\"><strong>Dara A\u011f\u0131rl\u0131\u011f\u0131<\/strong><\/td>\n<td>2,200kg<\/td>\n<td>4,850lbs<\/td>\n<td>&#8211;<\/td>\n<\/tr>\n<tr>\n<td align=\"left\"><strong>K\u00fcbik Kap.<\/strong><\/td>\n<td>33,0cbm<\/td>\n<td>1,179cu.ft<\/td>\n<td>&#8211;<\/td>\n<\/tr>\n<tr>\n<td align=\"left\"><strong>Y\u00fck<\/strong><\/td>\n<td>24,800kg<\/td>\n<td>54,673lbs<\/td>\n<td>&#8211;<\/td>\n<\/tr>\n<\/tbody>\n<\/table>\n<table class=\"tblcontainer\" width=\"100%\" cellspacing=\"0\" cellpadding=\"0\">\n<tbody>\n<tr>\n<th colspan=\"5\">Kuru Konteyner \u2013 40\u2032<\/th>\n<\/tr>\n<tr>\n<td rowspan=\"6\"><img loading=\"lazy\" decoding=\"async\" class=\"alignnone size-full wp-image-1394\" src=\"http:\/\/www.nareslog.com\/wp-content\/uploads\/2021\/10\/40DryKonteyner.png\" alt=\"\" width=\"185\" height=\"114\" \/><\/td>\n<td align=\"left\"><strong>\u0130\u00e7 \u00d6l\u00e7\u00fc<\/strong><\/td>\n<td>L: 12,035mm<\/td>\n<td>W: 2,350mm<\/td>\n<td>H: 2,393mm<\/td>\n<\/tr>\n<tr>\n<td align=\"left\"><strong>Kap\u0131 A\u00e7\u0131kl\u0131\u011f\u0131<\/strong><\/td>\n<td>&#8211;<\/td>\n<td>2,339mm<\/td>\n<td>2,274mm<\/td>\n<\/tr>\n<tr>\n<td align=\"left\"><strong>Tavan A\u00e7\u0131kl\u0131\u011f\u0131<\/strong><\/td>\n<td>&#8211;<\/td>\n<td>&#8211;<\/td>\n<td>&#8211;<\/td>\n<\/tr>\n<tr>\n<td align=\"left\"><strong>Dara A\u011f\u0131rl\u0131\u011f\u0131<\/strong><\/td>\n<td>3,700kg<\/td>\n<td>8,156lbs<\/td>\n<td>&#8211;<\/td>\n<\/tr>\n<tr>\n<td align=\"left\"><strong>K\u00fcbik Kap.<\/strong><\/td>\n<td>67,0cbm<\/td>\n<td>2,393cu.ft<\/td>\n<td>&#8211;<\/td>\n<\/tr>\n<tr>\n<td align=\"left\"><strong>Y\u00fck<\/strong><\/td>\n<td>28,800kg<\/td>\n<td>63,491lbs<\/td>\n<td>&#8211;<\/td>\n<\/tr>\n<\/tbody>\n<\/table>\n<table class=\"tblcontainer\" width=\"100%\" cellspacing=\"0\" cellpadding=\"0\">\n<tbody>\n<tr>\n<th colspan=\"5\">Kuru Konteyner \u2013 40\u2032<\/th>\n<\/tr>\n<tr>\n<td rowspan=\"6\"><img loading=\"lazy\" decoding=\"async\" class=\"alignnone size-full wp-image-1394\" src=\"http:\/\/www.nareslog.com\/wp-content\/uploads\/2021\/10\/40DryKonteyner.png\" alt=\"\" width=\"185\" height=\"114\" \/><\/td>\n<td align=\"left\"><strong>\u0130\u00e7 \u00d6l\u00e7\u00fc<\/strong><\/td>\n<td>L: 12,030mm<\/td>\n<td>W: 2,350mm<\/td>\n<td>H: 2,690mm<\/td>\n<\/tr>\n<tr>\n<td align=\"left\"><strong>Kap\u0131 A\u00e7\u0131kl\u0131\u011f\u0131<\/strong><\/td>\n<td>&#8211;<\/td>\n<td>2,340mm<\/td>\n<td>2,579mm<\/td>\n<\/tr>\n<tr>\n<td align=\"left\"><strong>Tavan A\u00e7\u0131kl\u0131\u011f\u0131<\/strong><\/td>\n<td>&#8211;<\/td>\n<td>&#8211;<\/td>\n<td>&#8211;<\/td>\n<\/tr>\n<tr>\n<td align=\"left\"><strong>Dara A\u011f\u0131rl\u0131\u011f\u0131<\/strong><\/td>\n<td>3,930kg<\/td>\n<td>8,663lbs<\/td>\n<td>&#8211;<\/td>\n<\/tr>\n<tr>\n<td align=\"left\"><strong>K\u00fcbik Kap.<\/strong><\/td>\n<td>76,0cbm<\/td>\n<td>2,714cu.ft<\/td>\n<td>&#8211;<\/td>\n<\/tr>\n<tr>\n<td align=\"left\"><strong>Y\u00fck<\/strong><\/td>\n<td>28,570kg<\/td>\n<td>62,984lbs<\/td>\n<td>&#8211;<\/td>\n<\/tr>\n<\/tbody>\n<\/table>\n<table class=\"tblcontainer\" width=\"100%\" cellspacing=\"0\" cellpadding=\"0\">\n<tbody>\n<tr>\n<th colspan=\"5\">Kuru Konteyner \u2013 45\u2032 Y\u00fcksek K\u00fcp<\/th>\n<\/tr>\n<tr>\n<td rowspan=\"6\"><img loading=\"lazy\" decoding=\"async\" class=\"alignnone size-full wp-image-1395\" src=\"http:\/\/www.nareslog.com\/wp-content\/uploads\/2021\/10\/45DryKonteyner.png\" alt=\"\" width=\"185\" height=\"114\" \/><\/td>\n<td align=\"left\"><strong>\u0130\u00e7 \u00d6l\u00e7\u00fc<\/strong><\/td>\n<td>L: 13,556mm<\/td>\n<td>W: 2,352mm<\/td>\n<td>H: 2,695mm<\/td>\n<\/tr>\n<tr>\n<td align=\"left\"><strong>Kap\u0131 A\u00e7\u0131kl\u0131\u011f\u0131<\/strong><\/td>\n<td>&#8211;<\/td>\n<td>2,340mm<\/td>\n<td>2,579mm<\/td>\n<\/tr>\n<tr>\n<td align=\"left\"><strong>Tavan A\u00e7\u0131kl\u0131\u011f\u0131<\/strong><\/td>\n<td>&#8211;<\/td>\n<td>&#8211;<\/td>\n<td>&#8211;<\/td>\n<\/tr>\n<tr>\n<td align=\"left\"><strong>Dara A\u011f\u0131rl\u0131\u011f\u0131<\/strong><\/td>\n<td>4,590kg<\/td>\n<td>10,118lbs<\/td>\n<td>&#8211;<\/td>\n<\/tr>\n<tr>\n<td align=\"left\"><strong>K\u00fcbik Kap.<\/strong><\/td>\n<td>86,0cbm<\/td>\n<td>3,071cu.ft<\/td>\n<td>&#8211;<\/td>\n<\/tr>\n<tr>\n<td align=\"left\"><strong>Y\u00fck<\/strong><\/td>\n<td>27,910kg<\/td>\n<td>61,529lbs<\/td>\n<td>&#8211;<\/td>\n<\/tr>\n<\/tbody>\n<\/table>\n<table class=\"tblcontainer\" width=\"100%\" cellspacing=\"0\" cellpadding=\"0\">\n<tbody>\n<tr>\n<th colspan=\"5\">Flat Rack Konteyner \u2013 20\u2032<\/th>\n<\/tr>\n<tr>\n<td rowspan=\"6\"><img loading=\"lazy\" decoding=\"async\" class=\"alignnone size-full wp-image-1396\" src=\"http:\/\/www.nareslog.com\/wp-content\/uploads\/2021\/10\/20FlatRackKonteyner.png\" alt=\"\" width=\"185\" height=\"114\" \/><\/td>\n<td align=\"left\"><strong>\u0130\u00e7 \u00d6l\u00e7\u00fc<\/strong><\/td>\n<td>L: 5,935mm<\/td>\n<td>W: 2,398mm<\/td>\n<td>H: 2,327mm<\/td>\n<\/tr>\n<tr>\n<td align=\"left\"><strong>Kap\u0131 A\u00e7\u0131kl\u0131\u011f\u0131<\/strong><\/td>\n<td>&#8211;<\/td>\n<td>&#8211;<\/td>\n<td>&#8211;<\/td>\n<\/tr>\n<tr>\n<td align=\"left\"><strong>Tavan A\u00e7\u0131kl\u0131\u011f\u0131<\/strong><\/td>\n<td>&#8211;<\/td>\n<td>&#8211;<\/td>\n<td>&#8211;<\/td>\n<\/tr>\n<tr>\n<td align=\"left\"><strong>Dara A\u011f\u0131rl\u0131\u011f\u0131<\/strong><\/td>\n<td>2,560kg<\/td>\n<td>5,643lbs<\/td>\n<td>&#8211;<\/td>\n<\/tr>\n<tr>\n<td align=\"left\"><strong>K\u00fcbik Kap.<\/strong><\/td>\n<td>&#8211;<\/td>\n<td>&#8211;<\/td>\n<td>&#8211;<\/td>\n<\/tr>\n<tr>\n<td align=\"left\"><strong>Y\u00fck<\/strong><\/td>\n<td>21,440kg<\/td>\n<td>47,265lbs<\/td>\n<td>&#8211;<\/td>\n<\/tr>\n<\/tbody>\n<\/table>\n<table class=\"tblcontainer\" style=\"width: 100%; height: 216px;\" width=\"100%\" cellspacing=\"0\" cellpadding=\"0\">\n<tbody>\n<tr style=\"height: 24px;\">\n<th style=\"height: 24px;\" colspan=\"5\">Flat Rack Konteyner \u2013 20\u2032<\/th>\n<\/tr>\n<tr style=\"height: 48px;\">\n<td style=\"height: 192px;\" rowspan=\"6\"><img loading=\"lazy\" decoding=\"async\" class=\"alignnone size-full wp-image-1393\" src=\"http:\/\/www.nareslog.com\/wp-content\/uploads\/2021\/10\/20CollapsibleFlatRackKonteyner.png\" alt=\"\" width=\"185\" height=\"114\" \/><\/td>\n<td style=\"height: 48px;\" align=\"left\"><strong>\u0130\u00e7 \u00d6l\u00e7\u00fc<\/strong><\/td>\n<td style=\"height: 48px;\">L: 5,966mm<\/td>\n<td style=\"height: 48px;\">W: 2,418mm<\/td>\n<td style=\"height: 48px;\">H: 2,286mm<\/td>\n<\/tr>\n<tr style=\"height: 48px;\">\n<td style=\"height: 48px;\" align=\"left\"><strong>Kap\u0131 A\u00e7\u0131kl\u0131\u011f\u0131<\/strong><\/td>\n<td style=\"height: 48px;\">&#8211;<\/td>\n<td style=\"height: 48px;\">&#8211;<\/td>\n<td style=\"height: 48px;\">&#8211;<\/td>\n<\/tr>\n<tr style=\"height: 24px;\">\n<td style=\"height: 24px;\" align=\"left\"><strong>Tavan A\u00e7\u0131kl\u0131\u011f\u0131<\/strong><\/td>\n<td style=\"height: 24px;\">&#8211;<\/td>\n<td style=\"height: 24px;\">&#8211;<\/td>\n<td style=\"height: 24px;\">&#8211;<\/td>\n<\/tr>\n<tr style=\"height: 24px;\">\n<td style=\"height: 24px;\" align=\"left\"><strong>Dara A\u011f\u0131rl\u0131\u011f\u0131<\/strong><\/td>\n<td style=\"height: 24px;\">2,970kg<\/td>\n<td style=\"height: 24px;\">6,547lbs<\/td>\n<td style=\"height: 24px;\">&#8211;<\/td>\n<\/tr>\n<tr style=\"height: 24px;\">\n<td style=\"height: 24px;\" align=\"left\"><strong>K\u00fcbik Kap.<\/strong><\/td>\n<td style=\"height: 24px;\">&#8211;<\/td>\n<td style=\"height: 24px;\">&#8211;<\/td>\n<td style=\"height: 24px;\">&#8211;<\/td>\n<\/tr>\n<tr style=\"height: 24px;\">\n<td style=\"height: 24px;\" align=\"left\"><strong>Y\u00fck<\/strong><\/td>\n<td style=\"height: 24px;\">27,030kg<\/td>\n<td style=\"height: 24px;\">59,589lbs<\/td>\n<td style=\"height: 24px;\">&#8211;<\/td>\n<\/tr>\n<\/tbody>\n<\/table>\n<table class=\"tblcontainer\" width=\"100%\" cellspacing=\"0\" cellpadding=\"0\">\n<tbody>\n<tr>\n<th colspan=\"5\">Flat Rack Konteyner \u2013 40\u2032<\/th>\n<\/tr>\n<tr>\n<td rowspan=\"6\"><img loading=\"lazy\" decoding=\"async\" class=\"alignnone size-full wp-image-1397\" src=\"http:\/\/www.nareslog.com\/wp-content\/uploads\/2021\/10\/40FlatRackKonteyner.png\" alt=\"\" width=\"185\" height=\"114\" \/><\/td>\n<td align=\"left\"><strong>\u0130\u00e7 \u00d6l\u00e7\u00fc<\/strong><\/td>\n<td>L: 12,080mm<\/td>\n<td>W: 2,420mm<\/td>\n<td>H: 2,103mm<\/td>\n<\/tr>\n<tr>\n<td align=\"left\"><strong>Kap\u0131 A\u00e7\u0131kl\u0131\u011f\u0131<\/strong><\/td>\n<td>&#8211;<\/td>\n<td>&#8211;<\/td>\n<td>&#8211;<\/td>\n<\/tr>\n<tr>\n<td align=\"left\"><strong>Tavan A\u00e7\u0131kl\u0131\u011f\u0131<\/strong><\/td>\n<td>&#8211;<\/td>\n<td>&#8211;<\/td>\n<td>&#8211;<\/td>\n<\/tr>\n<tr>\n<td align=\"left\"><strong>Dara A\u011f\u0131rl\u0131\u011f\u0131<\/strong><\/td>\n<td>5,480kg<\/td>\n<td>12,080lbs<\/td>\n<td>&#8211;<\/td>\n<\/tr>\n<tr>\n<td align=\"left\"><strong>K\u00fcbik Kap.<\/strong><\/td>\n<td>&#8211;<\/td>\n<td>&#8211;<\/td>\n<td>&#8211;<\/td>\n<\/tr>\n<tr>\n<td align=\"left\"><strong>Y\u00fck<\/strong><\/td>\n<td>25,000kg<\/td>\n<td>55,113lbs<\/td>\n<td>&#8211;<\/td>\n<\/tr>\n<\/tbody>\n<\/table>\n<table class=\"tblcontainer\" width=\"100%\" cellspacing=\"0\" cellpadding=\"0\">\n<tbody>\n<tr>\n<th colspan=\"5\">Flat Rack Konteyner \u2013 40\u2032 Katlanabilir<\/th>\n<\/tr>\n<tr>\n<td rowspan=\"6\"><img loading=\"lazy\" decoding=\"async\" class=\"alignnone size-full wp-image-1398\" src=\"http:\/\/www.nareslog.com\/wp-content\/uploads\/2021\/10\/40CollapsibleFlatRackKonteyner.png\" alt=\"\" width=\"185\" height=\"114\" \/><\/td>\n<td align=\"left\"><strong>\u0130\u00e7 \u00d6l\u00e7\u00fc<\/strong><\/td>\n<td>L: 12,064mm<\/td>\n<td>W: 2,369mm<\/td>\n<td>H: 1,943mm<\/td>\n<\/tr>\n<tr>\n<td align=\"left\"><strong>Kap\u0131 A\u00e7\u0131kl\u0131\u011f\u0131<\/strong><\/td>\n<td>&#8211;<\/td>\n<td>&#8211;<\/td>\n<td>&#8211;<\/td>\n<\/tr>\n<tr>\n<td align=\"left\"><strong>Tavan A\u00e7\u0131kl\u0131\u011f\u0131<\/strong><\/td>\n<td>&#8211;<\/td>\n<td>&#8211;<\/td>\n<td>&#8211;<\/td>\n<\/tr>\n<tr>\n<td align=\"left\"><strong>Dara A\u011f\u0131rl\u0131\u011f\u0131<\/strong><\/td>\n<td>5,200kg<\/td>\n<td>11,463lbs<\/td>\n<td>&#8211;<\/td>\n<\/tr>\n<tr>\n<td align=\"left\"><strong>K\u00fcbik Kap.<\/strong><\/td>\n<td>&#8211;<\/td>\n<td>&#8211;<\/td>\n<td>&#8211;<\/td>\n<\/tr>\n<tr>\n<td align=\"left\"><strong>Y\u00fck<\/strong><\/td>\n<td>39,800kg<\/td>\n<td>87,741lbs<\/td>\n<td>&#8211;<\/td>\n<\/tr>\n<\/tbody>\n<\/table>\n<table class=\"tblcontainer\" style=\"width: 100%; height: 216px;\" width=\"100%\" cellspacing=\"0\" cellpadding=\"0\">\n<tbody>\n<tr style=\"height: 24px;\">\n<th style=\"height: 24px;\" colspan=\"5\">So\u011futuculu Konteyner \u2013 20\u2032<\/th>\n<\/tr>\n<tr style=\"height: 48px;\">\n<td style=\"height: 192px;\" rowspan=\"6\"><img loading=\"lazy\" decoding=\"async\" class=\"alignnone size-full wp-image-1399\" src=\"http:\/\/www.nareslog.com\/wp-content\/uploads\/2021\/10\/20ReeferKonteyner.png\" alt=\"\" width=\"185\" height=\"114\" \/><\/td>\n<td style=\"height: 48px;\" align=\"left\"><strong>\u0130\u00e7 \u00d6l\u00e7\u00fc<\/strong><\/td>\n<td style=\"height: 48px;\">L: 5,440mm<\/td>\n<td style=\"height: 48px;\">W: 2,294mm<\/td>\n<td style=\"height: 48px;\">H: 2,237mm<\/td>\n<\/tr>\n<tr style=\"height: 48px;\">\n<td style=\"height: 48px;\" align=\"left\"><strong>Kap\u0131 A\u00e7\u0131kl\u0131\u011f\u0131<\/strong><\/td>\n<td style=\"height: 48px;\">&#8211;<\/td>\n<td style=\"height: 48px;\">2,286mm<\/td>\n<td style=\"height: 48px;\">2,238mm<\/td>\n<\/tr>\n<tr style=\"height: 24px;\">\n<td style=\"height: 24px;\" align=\"left\"><strong>Tavan A\u00e7\u0131kl\u0131\u011f\u0131<\/strong><\/td>\n<td style=\"height: 24px;\">&#8211;<\/td>\n<td style=\"height: 24px;\">&#8211;<\/td>\n<td style=\"height: 24px;\">&#8211;<\/td>\n<\/tr>\n<tr style=\"height: 24px;\">\n<td style=\"height: 24px;\" align=\"left\"><strong>Dara A\u011f\u0131rl\u0131\u011f\u0131<\/strong><\/td>\n<td style=\"height: 24px;\">2,750kg<\/td>\n<td style=\"height: 24px;\">2,062lbs<\/td>\n<td style=\"height: 24px;\">&#8211;<\/td>\n<\/tr>\n<tr style=\"height: 24px;\">\n<td style=\"height: 24px;\" align=\"left\"><strong>K\u00fcbik Kap.<\/strong><\/td>\n<td style=\"height: 24px;\">27,9cbm<\/td>\n<td style=\"height: 24px;\">986cu.ft<\/td>\n<td style=\"height: 24px;\">&#8211;<\/td>\n<\/tr>\n<tr style=\"height: 24px;\">\n<td style=\"height: 24px;\" align=\"left\"><strong>Y\u00fck<\/strong><\/td>\n<td style=\"height: 24px;\">24,250kg<\/td>\n<td style=\"height: 24px;\">53,460lbs<\/td>\n<td style=\"height: 24px;\">&#8211;<\/td>\n<\/tr>\n<\/tbody>\n<\/table>\n<table class=\"tblcontainer\" width=\"100%\" cellspacing=\"0\" cellpadding=\"0\">\n<tbody>\n<tr>\n<th colspan=\"5\">So\u011futuculu Konteyner \u2013 40\u2032<\/th>\n<\/tr>\n<tr>\n<td rowspan=\"6\"><img loading=\"lazy\" decoding=\"async\" class=\"alignnone size-full wp-image-1400\" src=\"http:\/\/www.nareslog.com\/wp-content\/uploads\/2021\/10\/40ReeferKonteyner.png\" alt=\"\" width=\"185\" height=\"114\" \/><\/td>\n<td align=\"left\"><strong>\u0130\u00e7 \u00d6l\u00e7\u00fc<\/strong><\/td>\n<td>L: 11,577mm<\/td>\n<td>W: 2,294mm<\/td>\n<td>H: 2,210mm<\/td>\n<\/tr>\n<tr>\n<td align=\"left\"><strong>Kap\u0131 A\u00e7\u0131kl\u0131\u011f\u0131<\/strong><\/td>\n<td>&#8211;<\/td>\n<td>2,286mm<\/td>\n<td>2,238mm<\/td>\n<\/tr>\n<tr>\n<td align=\"left\"><strong>Tavan A\u00e7\u0131kl\u0131\u011f\u0131<\/strong><\/td>\n<td>&#8211;<\/td>\n<td>&#8211;<\/td>\n<td>&#8211;<\/td>\n<\/tr>\n<tr>\n<td align=\"left\"><strong>Dara A\u011f\u0131rl\u0131\u011f\u0131<\/strong><\/td>\n<td>3,950kg<\/td>\n<td>8,708lbs<\/td>\n<td>&#8211;<\/td>\n<\/tr>\n<tr>\n<td align=\"left\"><strong>K\u00fcbik Kap.<\/strong><\/td>\n<td>58,7cbm<\/td>\n<td>2,073cu.ft<\/td>\n<td>&#8211;<\/td>\n<\/tr>\n<tr>\n<td align=\"left\"><strong>Y\u00fck<\/strong><\/td>\n<td>28,550kg<\/td>\n<td>62,940lbs<\/td>\n<td>&#8211;<\/td>\n<\/tr>\n<\/tbody>\n<\/table>\n<table class=\"tblcontainer\" width=\"100%\" cellspacing=\"0\" cellpadding=\"0\">\n<tbody>\n<tr>\n<th colspan=\"5\">So\u011futuculu Konteyner \u2013 40\u2032 Y\u00fcksek K\u00fcp<\/th>\n<\/tr>\n<tr>\n<td rowspan=\"6\"><img loading=\"lazy\" decoding=\"async\" class=\"alignnone size-full wp-image-1401\" src=\"http:\/\/www.nareslog.com\/wp-content\/uploads\/2021\/10\/40HighCubeReeferKonteyner.png\" alt=\"\" width=\"185\" height=\"114\" \/><\/td>\n<td align=\"left\"><strong>\u0130\u00e7 \u00d6l\u00e7\u00fc<\/strong><\/td>\n<td>L: 11,577mm<\/td>\n<td>W: 2,294mm<\/td>\n<td>H: 2,509mm<\/td>\n<\/tr>\n<tr>\n<td align=\"left\"><strong>Kap\u0131 A\u00e7\u0131kl\u0131\u011f\u0131<\/strong><\/td>\n<td>&#8211;<\/td>\n<td>2,290mm<\/td>\n<td>2,535mm<\/td>\n<\/tr>\n<tr>\n<td align=\"left\"><strong>Tavan A\u00e7\u0131kl\u0131\u011f\u0131<\/strong><\/td>\n<td>&#8211;<\/td>\n<td>&#8211;<\/td>\n<td>&#8211;<\/td>\n<\/tr>\n<tr>\n<td align=\"left\"><strong>Dara A\u011f\u0131rl\u0131\u011f\u0131<\/strong><\/td>\n<td>4,150kg<\/td>\n<td>9,148lbs<\/td>\n<td>&#8211;<\/td>\n<\/tr>\n<tr>\n<td align=\"left\"><strong>K\u00fcbik Kap.<\/strong><\/td>\n<td>67,0cbm<\/td>\n<td>2,366cu.ft<\/td>\n<td>&#8211;<\/td>\n<\/tr>\n<tr>\n<td align=\"left\"><strong>Y\u00fck<\/strong><\/td>\n<td>28,350kg<\/td>\n<td>62,499lbs<\/td>\n<td>&#8211;<\/td>\n<\/tr>\n<\/tbody>\n<\/table>\n<table class=\"tblcontainer\" width=\"100%\" cellspacing=\"0\" cellpadding=\"0\">\n<tbody>\n<tr>\n<th colspan=\"5\">So\u011futuculu Konteyner \u2013 45\u2032 Y\u00fcksek K\u00fcp<\/th>\n<\/tr>\n<tr>\n<td rowspan=\"6\"><img loading=\"lazy\" decoding=\"async\" class=\"alignnone size-full wp-image-1402\" src=\"http:\/\/www.nareslog.com\/wp-content\/uploads\/2021\/10\/45HighCubeReeferKonteyner.png\" alt=\"\" width=\"185\" height=\"114\" \/><\/td>\n<td align=\"left\"><strong>\u0130\u00e7 \u00d6l\u00e7\u00fc<\/strong><\/td>\n<td>L: 13,102mm<\/td>\n<td>W: 2,286mm<\/td>\n<td>H: 2,509mm<\/td>\n<\/tr>\n<tr>\n<td align=\"left\"><strong>Kap\u0131 A\u00e7\u0131kl\u0131\u011f\u0131<\/strong><\/td>\n<td>&#8211;<\/td>\n<td>2,294mm<\/td>\n<td>2,535mm<\/td>\n<\/tr>\n<tr>\n<td align=\"left\"><strong>Tavan A\u00e7\u0131kl\u0131\u011f\u0131<\/strong><\/td>\n<td>&#8211;<\/td>\n<td>&#8211;<\/td>\n<td>&#8211;<\/td>\n<\/tr>\n<tr>\n<td align=\"left\"><strong>Dara A\u011f\u0131rl\u0131\u011f\u0131<\/strong><\/td>\n<td>5,200kg<\/td>\n<td>11,463lbs<\/td>\n<td>&#8211;<\/td>\n<\/tr>\n<tr>\n<td align=\"left\"><strong>K\u00fcbik Kap.<\/strong><\/td>\n<td>75,4cbm<\/td>\n<td>2,663cu.ft<\/td>\n<td>&#8211;<\/td>\n<\/tr>\n<tr>\n<td align=\"left\"><strong>Y\u00fck<\/strong><\/td>\n<td>27,300kg<\/td>\n<td>60,184lbs<\/td>\n<td>&#8211;<\/td>\n<\/tr>\n<\/tbody>\n<\/table>\n<table class=\"tblcontainer\" width=\"100%\" cellspacing=\"0\" cellpadding=\"0\">\n<tbody>\n<tr>\n<th colspan=\"5\">\u00dcst\u00fc A\u00e7\u0131k Konteyner \u2013 20\u2032<\/th>\n<\/tr>\n<tr>\n<td rowspan=\"6\"><img loading=\"lazy\" decoding=\"async\" class=\"alignnone size-full wp-image-1403\" src=\"http:\/\/www.nareslog.com\/wp-content\/uploads\/2021\/10\/20OpenTopKonteyner.png\" alt=\"\" width=\"185\" height=\"114\" \/><\/td>\n<td align=\"left\"><strong>\u0130\u00e7 \u00d6l\u00e7\u00fc<\/strong><\/td>\n<td>L: 5,893mm<\/td>\n<td>W: 2,346mm<\/td>\n<td>H: 2,353mm<\/td>\n<\/tr>\n<tr>\n<td align=\"left\"><strong>Kap\u0131 A\u00e7\u0131kl\u0131\u011f\u0131<\/strong><\/td>\n<td>&#8211;<\/td>\n<td>2,338mm<\/td>\n<td>2,273mm<\/td>\n<\/tr>\n<tr>\n<td align=\"left\"><strong>Tavan A\u00e7\u0131kl\u0131\u011f\u0131<\/strong><\/td>\n<td>5,488mm<\/td>\n<td>2,230mm<\/td>\n<td>&#8211;<\/td>\n<\/tr>\n<tr>\n<td align=\"left\"><strong>Dara A\u011f\u0131rl\u0131\u011f\u0131<\/strong><\/td>\n<td>2,200kg<\/td>\n<td>4,850lbs<\/td>\n<td>&#8211;<\/td>\n<\/tr>\n<tr>\n<td align=\"left\"><strong>K\u00fcbik Kap.<\/strong><\/td>\n<td>32,0cbm<\/td>\n<td>1,143cu.ft<\/td>\n<td>&#8211;<\/td>\n<\/tr>\n<tr>\n<td align=\"left\"><strong>Y\u00fck<\/strong><\/td>\n<td>28,280kg<\/td>\n<td>62,344lbs<\/td>\n<td>&#8211;<\/td>\n<\/tr>\n<\/tbody>\n<\/table>\n<table class=\"tblcontainer\" width=\"100%\" cellspacing=\"0\" cellpadding=\"0\">\n<tbody>\n<tr>\n<th colspan=\"5\">\u00dcst\u00fc A\u00e7\u0131k Konteyner \u2013 40\u2032<\/th>\n<\/tr>\n<tr>\n<td rowspan=\"6\"><img loading=\"lazy\" decoding=\"async\" class=\"alignnone size-full wp-image-1404\" src=\"http:\/\/www.nareslog.com\/wp-content\/uploads\/2021\/10\/40OpenTopKonteyner.png\" alt=\"\" width=\"185\" height=\"114\" \/><\/td>\n<td align=\"left\"><strong>\u0130\u00e7 \u00d6l\u00e7\u00fc<\/strong><\/td>\n<td>L: 12,056mm<\/td>\n<td>W: 2,347mm<\/td>\n<td>H: 2,379mm<\/td>\n<\/tr>\n<tr>\n<td align=\"left\"><strong>Kap\u0131 A\u00e7\u0131kl\u0131\u011f\u0131<\/strong><\/td>\n<td>&#8211;<\/td>\n<td>2,343mm<\/td>\n<td>2,279mm<\/td>\n<\/tr>\n<tr>\n<td align=\"left\"><strong>Tavan A\u00e7\u0131kl\u0131\u011f\u0131<\/strong><\/td>\n<td>11,622mm<\/td>\n<td>2,214mm<\/td>\n<td>&#8211;<\/td>\n<\/tr>\n<tr>\n<td align=\"left\"><strong>Dara A\u011f\u0131rl\u0131\u011f\u0131<\/strong><\/td>\n<td>3,800kg<\/td>\n<td>8,377lbs<\/td>\n<td>&#8211;<\/td>\n<\/tr>\n<tr>\n<td align=\"left\"><strong>K\u00fcbik Kap.<\/strong><\/td>\n<td>67,0cbm<\/td>\n<td>2,393cu.ft<\/td>\n<td>&#8211;<\/td>\n<\/tr>\n<tr>\n<td align=\"left\"><strong>Y\u00fck<\/strong><\/td>\n<td>28,700kg<\/td>\n<td>63,270lbs<\/td>\n<td>&#8211;<\/td>\n<\/tr>\n<\/tbody>\n<\/table>\n<table class=\"tblcontainer\" width=\"100%\" cellspacing=\"0\" cellpadding=\"0\">\n<tbody>\n<tr>\n<th colspan=\"5\">Open Top Konteyner \u2013 40\u2032 A\u00e7\u0131k Yan\/\u00dcst<\/th>\n<\/tr>\n<tr>\n<td rowspan=\"6\"><img loading=\"lazy\" decoding=\"async\" class=\"alignnone size-full wp-image-1405\" src=\"http:\/\/www.nareslog.com\/wp-content\/uploads\/2021\/10\/20OpenSideTopKonteyner.png\" alt=\"\" width=\"185\" height=\"114\" \/><\/td>\n<td align=\"left\"><strong>\u0130\u00e7 \u00d6l\u00e7\u00fc<\/strong><\/td>\n<td>L: 5,928mm<\/td>\n<td>W: 2,318mm<\/td>\n<td>H: 2,257mm<\/td>\n<\/tr>\n<tr>\n<td align=\"left\"><strong>Kap\u0131 A\u00e7\u0131kl\u0131\u011f\u0131<\/strong><\/td>\n<td>&#8211;<\/td>\n<td>2,286mm<\/td>\n<td>2,278mm<\/td>\n<\/tr>\n<tr>\n<td align=\"left\"><strong>Tavan A\u00e7\u0131kl\u0131\u011f\u0131<\/strong><\/td>\n<td>5,350mm<\/td>\n<td>2,138mm<\/td>\n<td>&#8211;<\/td>\n<\/tr>\n<tr>\n<td align=\"left\"><strong>Dara A\u011f\u0131rl\u0131\u011f\u0131<\/strong><\/td>\n<td>2,775kg<\/td>\n<td>6,117lbs<\/td>\n<td>&#8211;<\/td>\n<\/tr>\n<tr>\n<td align=\"left\"><strong>K\u00fcbik Kap.<\/strong><\/td>\n<td>31,0cbm<\/td>\n<td>1,107cu.ft<\/td>\n<td>&#8211;<\/td>\n<\/tr>\n<tr>\n<td align=\"left\"><strong>Y\u00fck<\/strong><\/td>\n<td>21,225kg<\/td>\n<td>49,791lbs<\/td>\n<td>&#8211;<\/td>\n<\/tr>\n<\/tbody>\n<\/table>\n<table class=\"tblcontainer\" style=\"width: 100%; height: 168px;\" width=\"100%\" cellspacing=\"0\" cellpadding=\"0\">\n<tbody>\n<tr style=\"height: 24px;\">\n<th style=\"height: 24px;\" colspan=\"5\">Yapay Tweendeck \u2013 40\u2032<\/th>\n<\/tr>\n<tr style=\"height: 24px;\">\n<td style=\"height: 144px;\" rowspan=\"6\"><img loading=\"lazy\" decoding=\"async\" class=\"alignnone size-full wp-image-1406\" src=\"http:\/\/www.nareslog.com\/wp-content\/uploads\/2021\/10\/artificialTweendeck.png\" alt=\"\" width=\"185\" height=\"114\" \/><\/td>\n<td style=\"height: 24px;\" align=\"left\"><strong>\u0130\u00e7 \u00d6l\u00e7\u00fc<\/strong><\/td>\n<td style=\"height: 24px;\">L: 11,823mm<\/td>\n<td style=\"height: 24px;\">W: 2,197mm<\/td>\n<td style=\"height: 24px;\">&#8211;<\/td>\n<\/tr>\n<tr style=\"height: 24px;\">\n<td style=\"height: 24px;\" align=\"left\"><strong>Kap\u0131 A\u00e7\u0131kl\u0131\u011f\u0131<\/strong><\/td>\n<td style=\"height: 24px;\">&#8211;<\/td>\n<td style=\"height: 24px;\">&#8211;<\/td>\n<td style=\"height: 24px;\">&#8211;<\/td>\n<\/tr>\n<tr style=\"height: 24px;\">\n<td style=\"height: 24px;\" align=\"left\"><strong>Tavan A\u00e7\u0131kl\u0131\u011f\u0131<\/strong><\/td>\n<td style=\"height: 24px;\">&#8211;<\/td>\n<td style=\"height: 24px;\">&#8211;<\/td>\n<td style=\"height: 24px;\">&#8211;<\/td>\n<\/tr>\n<tr style=\"height: 24px;\">\n<td style=\"height: 24px;\" align=\"left\"><strong>Dara A\u011f\u0131rl\u0131\u011f\u0131<\/strong><\/td>\n<td style=\"height: 24px;\">4,860kg<\/td>\n<td style=\"height: 24px;\">10,714lbs<\/td>\n<td style=\"height: 24px;\">&#8211;<\/td>\n<\/tr>\n<tr style=\"height: 24px;\">\n<td style=\"height: 24px;\" align=\"left\"><strong>K\u00fcbik Kap.<\/strong><\/td>\n<td style=\"height: 24px;\">&#8211;<\/td>\n<td style=\"height: 24px;\">&#8211;<\/td>\n<td style=\"height: 24px;\">&#8211;<\/td>\n<\/tr>\n<tr style=\"height: 24px;\">\n<td style=\"height: 24px;\" align=\"left\"><strong>Y\u00fck<\/strong><\/td>\n<td style=\"height: 24px;\">39,580kg<\/td>\n<td style=\"height: 24px;\">87,256lbs<\/td>\n<td style=\"height: 24px;\">&#8211;<\/td>\n<\/tr>\n<\/tbody>\n<\/table>\n<p>&nbsp;<\/p>\n\n\t\t<\/div>\n\t<\/div>\n<\/div><\/div><\/div><\/div>","protected":false},"excerpt":{"rendered":"Dry Container - 20' Interior Dim. L: 5,898mm W: 2,350mm H: 2,390mm Door Opening - 2,240mm 2,280mm Top Opening - - - Tare Weight 2,200kg 4,850lbs - Cubic Cap. 33,0cbm 1,179cu.ft - Payload...","protected":false},"author":1,"featured_media":0,"parent":0,"menu_order":0,"comment_status":"closed","ping_status":"closed","template":"","meta":{"footnotes":""},"class_list":["post-1389","page","type-page","status-publish","hentry"],"_links":{"self":[{"href":"https:\/\/www.nareslog.com\/tr\/wp-json\/wp\/v2\/pages\/1389","targetHints":{"allow":["GET"]}}],"collection":[{"href":"https:\/\/www.nareslog.com\/tr\/wp-json\/wp\/v2\/pages"}],"about":[{"href":"https:\/\/www.nareslog.com\/tr\/wp-json\/wp\/v2\/types\/page"}],"author":[{"embeddable":true,"href":"https:\/\/www.nareslog.com\/tr\/wp-json\/wp\/v2\/users\/1"}],"replies":[{"embeddable":true,"href":"https:\/\/www.nareslog.com\/tr\/wp-json\/wp\/v2\/comments?post=1389"}],"version-history":[{"count":3,"href":"https:\/\/www.nareslog.com\/tr\/wp-json\/wp\/v2\/pages\/1389\/revisions"}],"predecessor-version":[{"id":1407,"href":"https:\/\/www.nareslog.com\/tr\/wp-json\/wp\/v2\/pages\/1389\/revisions\/1407"}],"wp:attachment":[{"href":"https:\/\/www.nareslog.com\/tr\/wp-json\/wp\/v2\/media?parent=1389"}],"curies":[{"name":"wp","href":"https:\/\/api.w.org\/{rel}","templated":true}]}}